{"id":18,"date":"2023-06-24T20:10:41","date_gmt":"2023-06-24T20:10:41","guid":{"rendered":"http:\/\/mvd-molnar.de\/?page_id=18"},"modified":"2024-05-25T22:17:47","modified_gmt":"2024-05-25T20:17:47","slug":"impressum","status":"publish","type":"page","link":"https:\/\/mvd-molnar.de\/?page_id=18","title":{"rendered":"Impressum"},"content":{"rendered":"\n<h2 class=\"wp-block-heading\" id=\"m46\">Angaben gem\u00e4\u00df \u00a7 5 TMG<\/h2>\n\n\n\n<p>Maschinenverleih u. Dienstleistungen&nbsp;Molnar<br>Reischenau 2b<br>86424 Dinkelscherben<\/p>\n\n\n\n<h3 class=\"wp-block-heading\">Kontaktinformationen<\/h3>\n\n\n\n<p>Telefon: 0173 58 66 860<br>E-Mail:\u00a0<a rel=\"noreferrer noopener\" href=\"mailto:raffael.molnar@maschinenverleih-molnar.de\" target=\"_blank\">raffael.molnar@maschinenverleih-molnar.de<\/a><br>Internet Adresse:\u00a0<a rel=\"noreferrer noopener\" href=\"https:\/\/mvd-molnar.de\/\" target=\"_blank\">https:\/\/mvd-molnar.de\/<\/a><\/p>\n\n\n\n<h3 class=\"wp-block-heading\">Haftungsausschluss<\/h3>\n\n\n\n<h4 class=\"wp-block-heading\">Verantwortlichkeit f\u00fcr Inhalte<\/h4>\n\n\n\n<p>Der Inhalt unserer Seiten wurde mit gr\u00f6\u00dfter Sorgfalt erstellt. Wir k\u00f6nnen jedoch nicht die Richtigkeit, Vollst\u00e4ndigkeit oder Aktualit\u00e4t der Inhalte garantieren. Nach den gesetzlichen Bestimmungen sind wir weiterhin f\u00fcr unsere eigenen Inhalte auf diesen Webseiten verantwortlich. Bitte beachten Sie in diesem Zusammenhang, dass wir nicht verpflichtet sind, die \u00fcbermittelten oder gespeicherten Informationen Dritter zu \u00fcberwachen oder Umst\u00e4nde zu untersuchen, die auf illegale Aktivit\u00e4ten hinweisen. Unsere Verpflichtung, die Verwendung von Informationen nach allgemein geltendem Recht zu entfernen oder zu blockieren, bleibt davon gem\u00e4\u00df \u00a7\u00a7 8 bis 10 des Telemediengesetzes (TMG) unber\u00fchrt.<\/p>\n\n\n\n<h4 class=\"wp-block-heading\">Verantwortlichkeit f\u00fcr Inhalte<\/h4>\n\n\n\n<p>Die Verantwortung f\u00fcr den Inhalt externer Links (zu Webseiten Dritter) liegt ausschlie\u00dflich bei den Betreibern der verlinkten Seiten. Zum Zeitpunkt der Verkn\u00fcpfung waren f\u00fcr uns keine Verst\u00f6\u00dfe erkennbar. Sollte uns ein Rechtsversto\u00df bekannt werden, werden wir den jeweiligen Link umgehend entfernen.<\/p>\n","protected":false},"excerpt":{"rendered":"<p>Angaben gem\u00e4\u00df \u00a7 5 TMG Maschinenverleih u. Dienstleistungen&nbsp;MolnarReischenau 2b86424 Dinkelscherben Kontaktinformationen Telefon: 0173 58 66 860E-Mail:\u00a0raffael.molnar@maschinenverleih-molnar.deInternet Adresse:\u00a0https:\/\/mvd-molnar.de\/ Haftungsausschluss Verantwortlichkeit f\u00fcr Inhalte Der Inhalt unserer Seiten wurde mit gr\u00f6\u00dfter Sorgfalt erstellt. Wir k\u00f6nnen jedoch nicht die Richtigkeit, Vollst\u00e4ndigkeit oder Aktualit\u00e4t der<\/p>\n","protected":false},"author":1,"featured_media":0,"parent":0,"menu_order":0,"comment_status":"closed","ping_status":"closed","template":"","meta":{"two_page_speed":{"previous_score":{"desktop_score":93,"desktop_tti":"1.1\u00a0","mobile_score":65,"mobile_tti":"5.5\u00a0","date":"25.05.2024 10:17:37 pm","status":"completed"},"current_score":{"desktop_score":99,"desktop_tti":"0.8\u00a0","mobile_score":65,"mobile_tti":"5.5\u00a0","date":"25.05.2024 10:18:00 pm","status":"completed"}},"footnotes":""},"_links":{"self":[{"href":"https:\/\/mvd-molnar.de\/index.php?rest_route=\/wp\/v2\/pages\/18"}],"collection":[{"href":"https:\/\/mvd-molnar.de\/index.php?rest_route=\/wp\/v2\/pages"}],"about":[{"href":"https:\/\/mvd-molnar.de\/index.php?rest_route=\/wp\/v2\/types\/page"}],"author":[{"embeddable":true,"href":"https:\/\/mvd-molnar.de\/index.php?rest_route=\/wp\/v2\/users\/1"}],"replies":[{"embeddable":true,"href":"https:\/\/mvd-molnar.de\/index.php?rest_route=%2Fwp%2Fv2%2Fcomments&post=18"}],"version-history":[{"count":5,"href":"https:\/\/mvd-molnar.de\/index.php?rest_route=\/wp\/v2\/pages\/18\/revisions"}],"predecessor-version":[{"id":78,"href":"https:\/\/mvd-molnar.de\/index.php?rest_route=\/wp\/v2\/pages\/18\/revisions\/78"}],"wp:attachment":[{"href":"https:\/\/mvd-molnar.de\/index.php?rest_route=%2Fwp%2Fv2%2Fmedia&parent=18"}],"curies":[{"name":"wp","href":"https:\/\/api.w.org\/{rel}","templated":true}]}}