{"id":12,"date":"2023-06-24T17:54:35","date_gmt":"2023-06-24T17:54:35","guid":{"rendered":"http:\/\/mvd-molnar.de\/?page_id=12"},"modified":"2024-05-25T22:04:22","modified_gmt":"2024-05-25T20:04:22","slug":"home","status":"publish","type":"page","link":"https:\/\/mvd-molnar.de\/","title":{"rendered":"Home"},"content":{"rendered":"\n<h1 class=\"wp-block-heading has-large-font-size\">Ihr Ansprechpartner bei:<\/h1>\n\n\n\n<div class=\"wp-block-group\"><div class=\"wp-block-group__inner-container is-layout-constrained wp-block-group-is-layout-constrained\">\n<div class=\"wp-block-columns is-layout-flex wp-container-core-columns-is-layout-2 wp-block-columns-is-layout-flex\">\n<div class=\"wp-block-column is-vertically-aligned-top is-layout-flow wp-block-column-is-layout-flow\" style=\"flex-basis:100%\">\n<div class=\"wp-block-columns is-layout-flex wp-container-core-columns-is-layout-1 wp-block-columns-is-layout-flex\">\n<div class=\"wp-block-column is-layout-flow wp-block-column-is-layout-flow\">\n<h2 class=\"wp-block-heading has-text-align-center has-large-font-size\">Maschinenverleih<br><a href=\"https:\/\/mvd-molnar.de\/?page_id=20\" data-type=\"URL\" data-id=\"https:\/\/mvd-molnar.de\/?page_id=20\"><img loading=\"lazy\" decoding=\"async\" width=\"150\" height=\"150\" class=\"wp-image-43\" style=\"width: 150px;\" src=\"http:\/\/mvd-molnar.de\/wp-content\/uploads\/2023\/06\/4137181_building_construction_excavator_industry_icon.png\" alt=\"\" srcset=\"https:\/\/mvd-molnar.de\/wp-content\/uploads\/2023\/06\/4137181_building_construction_excavator_industry_icon.png 512w, https:\/\/mvd-molnar.de\/wp-content\/uploads\/2023\/06\/4137181_building_construction_excavator_industry_icon-300x300.png 300w, https:\/\/mvd-molnar.de\/wp-content\/uploads\/2023\/06\/4137181_building_construction_excavator_industry_icon-150x150.png 150w, https:\/\/mvd-molnar.de\/wp-content\/uploads\/2023\/06\/4137181_building_construction_excavator_industry_icon-230x230.png 230w, https:\/\/mvd-molnar.de\/wp-content\/uploads\/2023\/06\/4137181_building_construction_excavator_industry_icon-330x330.png 330w\" sizes=\"(max-width: 150px) 100vw, 150px\" \/><\/a><\/h2>\n<\/div>\n\n\n\n<div class=\"wp-block-column is-layout-flow wp-block-column-is-layout-flow\">\n<h2 class=\"wp-block-heading has-text-align-center has-large-font-size\">Dienstleistungen<br><a href=\"https:\/\/mvd-molnar.de\/?page_id=74\" data-type=\"URL\" data-id=\"https:\/\/mvd-molnar.de\/?page_id=74\"><img loading=\"lazy\" decoding=\"async\" width=\"150\" height=\"150\" class=\"wp-image-41\" style=\"width: 150px;\" src=\"http:\/\/mvd-molnar.de\/wp-content\/uploads\/2023\/06\/4137161_building_construction_industry_setting_icon.png\" alt=\"\" srcset=\"https:\/\/mvd-molnar.de\/wp-content\/uploads\/2023\/06\/4137161_building_construction_industry_setting_icon.png 512w, https:\/\/mvd-molnar.de\/wp-content\/uploads\/2023\/06\/4137161_building_construction_industry_setting_icon-300x300.png 300w, https:\/\/mvd-molnar.de\/wp-content\/uploads\/2023\/06\/4137161_building_construction_industry_setting_icon-150x150.png 150w, https:\/\/mvd-molnar.de\/wp-content\/uploads\/2023\/06\/4137161_building_construction_industry_setting_icon-230x230.png 230w, https:\/\/mvd-molnar.de\/wp-content\/uploads\/2023\/06\/4137161_building_construction_industry_setting_icon-330x330.png 330w\" sizes=\"(max-width: 150px) 100vw, 150px\" \/><\/a><\/h2>\n<\/div>\n<\/div>\n<\/div>\n<\/div>\n\n\n\n<p class=\"has-medium-font-size\">Mit einem gut aufgestellten Fuhrpark, den Sie mieten k\u00f6nnen, steht dem Projekt rund ums Haus nichts mehr im Wege.<\/p>\n<\/div><\/div>\n\n\n\n<p class=\"has-medium-font-size\">Egal, ob Sie Hilfe im Garten, Unterst\u00fctzung in der Ausf\u00fchrung oder ein Angebot f\u00fcr eine Vermietung ben\u00f6tigen&nbsp;&nbsp;\u2013&nbsp;wir freuen uns auf Ihre Kontaktaufnahme. Hierzu bieten wir Ihnen unser&nbsp;Kontaktformular an, gerne k\u00f6nnen sie uns auch telefonisch oder per WhatsApp kontaktieren.<\/p>\n","protected":false},"excerpt":{"rendered":"<p>Ihr Ansprechpartner bei: Maschinenverleih Dienstleistungen Mit einem gut aufgestellten Fuhrpark, den Sie mieten k\u00f6nnen, steht dem Projekt rund ums Haus nichts mehr im Wege. Egal, ob Sie Hilfe im Garten, Unterst\u00fctzung in der Ausf\u00fchrung oder ein Angebot f\u00fcr eine Vermietung<\/p>\n","protected":false},"author":1,"featured_media":0,"parent":0,"menu_order":0,"comment_status":"closed","ping_status":"closed","template":"","meta":{"two_page_speed":{"current_score":{"desktop_score":99,"desktop_tti":"0.8\u00a0","mobile_score":81,"mobile_tti":"3.7\u00a0","date":"25.05.2024 10:04:19 pm","status":"completed"}},"footnotes":""},"_links":{"self":[{"href":"https:\/\/mvd-molnar.de\/index.php?rest_route=\/wp\/v2\/pages\/12"}],"collection":[{"href":"https:\/\/mvd-molnar.de\/index.php?rest_route=\/wp\/v2\/pages"}],"about":[{"href":"https:\/\/mvd-molnar.de\/index.php?rest_route=\/wp\/v2\/types\/page"}],"author":[{"embeddable":true,"href":"https:\/\/mvd-molnar.de\/index.php?rest_route=\/wp\/v2\/users\/1"}],"replies":[{"embeddable":true,"href":"https:\/\/mvd-molnar.de\/index.php?rest_route=%2Fwp%2Fv2%2Fcomments&post=12"}],"version-history":[{"count":9,"href":"https:\/\/mvd-molnar.de\/index.php?rest_route=\/wp\/v2\/pages\/12\/revisions"}],"predecessor-version":[{"id":123,"href":"https:\/\/mvd-molnar.de\/index.php?rest_route=\/wp\/v2\/pages\/12\/revisions\/123"}],"wp:attachment":[{"href":"https:\/\/mvd-molnar.de\/index.php?rest_route=%2Fwp%2Fv2%2Fmedia&parent=12"}],"curies":[{"name":"wp","href":"https:\/\/api.w.org\/{rel}","templated":true}]}}